{"id":57,"date":"2024-08-28T08:44:57","date_gmt":"2024-08-28T06:44:57","guid":{"rendered":"https:\/\/www.ecole-meenne-natation.fr\/?page_id=57"},"modified":"2025-08-31T21:50:08","modified_gmt":"2025-08-31T19:50:08","slug":"les-activites-proposees-par-lassociation","status":"publish","type":"page","link":"https:\/\/www.ecole-meenne-natation.fr\/index.php\/les-activites-proposees-par-lassociation\/","title":{"rendered":"Les activit\u00e9s propos\u00e9es par l&rsquo;association"},"content":{"rendered":"\n<p>L&rsquo;association propose des activit\u00e9s vari\u00e9es li\u00e9es au monde aquatique : <\/p>\n\n\n\n<ul class=\"wp-block-list\">\n<li>Des cours d&rsquo;aqua-gym : Vous bougez de fa\u00e7on douce et permet de vous maintenir une forme physique. Sur le planning des activit\u00e9s, les cr\u00e9neaux sont sur fond orange.<\/li>\n<\/ul>\n\n\n\n<p><\/p>\n\n\n\n<ul class=\"wp-block-list\">\n<li>Des cours d&rsquo;aqua-bike : Vous travaillez, plus activement que l&rsquo;aqua-gym, sur des exercices ex\u00e9cut\u00e9es sur un v\u00e9lo dans l&rsquo;eau. Sur le planning des activit\u00e9s, les cr\u00e9neaux sont sur fond vert.<\/li>\n<\/ul>\n\n\n\n<p><\/p>\n\n\n\n<ul class=\"wp-block-list\">\n<li>Des cours d&rsquo;aqua mixte : D&rsquo;une dur\u00e9e de 45 minutes, un cours m\u00e9langeant de l&rsquo;aqua-gym et de l&rsquo;aqua-bike. Les cr\u00e9neaux sont de couleur jaune.<\/li>\n<\/ul>\n\n\n\n<p><\/p>\n\n\n\n<ul class=\"wp-block-list\">\n<li>Des cours de d\u00e9couvertes, d&rsquo;apprentissage et de perfectionnement pour les enfants et adultes. :\n<ul class=\"wp-block-list\">\n<li>Avec ces cours, les enfants peuvent d\u00e9couvrir le monde aquatique, apprendre \u00e0 se d\u00e9placer dans ce monde, apprendre les bases des nages et se perfectionner. Les cr\u00e9neaux pour les enfants sont de couleurs rouge (initiation), bleu (apprentissage) et rose (perfectionnement).<\/li>\n\n\n\n<li>Les objectifs sont les m\u00eames pour les adultes, hormis l&rsquo;initiation. Pour l&rsquo;apprentissage, le pr\u00e9requis est de savoir nager 25 m\u00e8tres avec du mat\u00e9riel. Les cr\u00e9neaux sont de couleur mauve.<\/li>\n<\/ul>\n<\/li>\n<\/ul>\n\n\n\n<p><\/p>\n\n\n\n<p><\/p>\n","protected":false},"excerpt":{"rendered":"<p>L&rsquo;association propose des activit\u00e9s vari\u00e9es li\u00e9es au monde aquatique :<\/p>\n","protected":false},"author":2,"featured_media":0,"parent":0,"menu_order":0,"comment_status":"closed","ping_status":"closed","template":"","meta":{"footnotes":""},"class_list":["post-57","page","type-page","status-publish","hentry"],"_links":{"self":[{"href":"https:\/\/www.ecole-meenne-natation.fr\/index.php\/wp-json\/wp\/v2\/pages\/57","targetHints":{"allow":["GET"]}}],"collection":[{"href":"https:\/\/www.ecole-meenne-natation.fr\/index.php\/wp-json\/wp\/v2\/pages"}],"about":[{"href":"https:\/\/www.ecole-meenne-natation.fr\/index.php\/wp-json\/wp\/v2\/types\/page"}],"author":[{"embeddable":true,"href":"https:\/\/www.ecole-meenne-natation.fr\/index.php\/wp-json\/wp\/v2\/users\/2"}],"replies":[{"embeddable":true,"href":"https:\/\/www.ecole-meenne-natation.fr\/index.php\/wp-json\/wp\/v2\/comments?post=57"}],"version-history":[{"count":4,"href":"https:\/\/www.ecole-meenne-natation.fr\/index.php\/wp-json\/wp\/v2\/pages\/57\/revisions"}],"predecessor-version":[{"id":129,"href":"https:\/\/www.ecole-meenne-natation.fr\/index.php\/wp-json\/wp\/v2\/pages\/57\/revisions\/129"}],"wp:attachment":[{"href":"https:\/\/www.ecole-meenne-natation.fr\/index.php\/wp-json\/wp\/v2\/media?parent=57"}],"curies":[{"name":"wp","href":"https:\/\/api.w.org\/{rel}","templated":true}]}}