{"id":71,"date":"2024-08-28T11:45:54","date_gmt":"2024-08-28T09:45:54","guid":{"rendered":"https:\/\/www.ecole-meenne-natation.fr\/?page_id=71"},"modified":"2024-12-15T11:12:43","modified_gmt":"2024-12-15T10:12:43","slug":"linscription","status":"publish","type":"page","link":"https:\/\/www.ecole-meenne-natation.fr\/index.php\/linscription\/","title":{"rendered":"L&rsquo;inscription"},"content":{"rendered":"\n<h2 class=\"wp-block-heading\">Quand ? <\/h2>\n\n\n\n<p>Les inscriptions sont possibles toute l&rsquo;ann\u00e9e, selon les disponibilit\u00e9s des cr\u00e9neaux. Durant les vacances scolaires, merci de vous reporter sur les actualit\u00e9s. <\/p>\n\n\n\n<h2 class=\"wp-block-heading\">Avec quoi ? <\/h2>\n\n\n\n<p>Pour l&rsquo;inscription, un certificat m\u00e9dical de moins de 3 mois est requis. <\/p>\n\n\n\n<h2 class=\"wp-block-heading\">Combien ? <\/h2>\n\n\n\n<p>Pour le tarif, celui-ci d\u00e9pend de l&rsquo;activit\u00e9 : <\/p>\n\n\n\n<ul class=\"wp-block-list\">\n<li>Pour les cours enfants, adultes, aqua-gym et aqua-palmes :\n<ul class=\"wp-block-list\">\n<li>68\u20ac le trimestre<\/li>\n\n\n\n<li>175\u20ac l&rsquo;ann\u00e9e<\/li>\n\n\n\n<li>5\u20ac de cotisation annuelle en plus, quelque soit la p\u00e9riode pay\u00e9e<\/li>\n<\/ul>\n<\/li>\n\n\n\n<li>pour 2 cours enfants par semaine : \n<ul class=\"wp-block-list\">\n<li>100\u20ac le trimestre<\/li>\n\n\n\n<li>270\u20ac l&rsquo;ann\u00e9e<\/li>\n\n\n\n<li>5\u20ac de cotisation annuelle en plus, quelque soit la p\u00e9riode pay\u00e9e<\/li>\n<\/ul>\n<\/li>\n\n\n\n<li>pour le cours aqua-bike et aqua-mixte : \n<ul class=\"wp-block-list\">\n<li>100\u20ac le trimestre<\/li>\n\n\n\n<li>270\u20ac l&rsquo;ann\u00e9e<\/li>\n\n\n\n<li>5\u20ac de cotisation annuelle en plus, quelque soit la p\u00e9riode pay\u00e9e<\/li>\n<\/ul>\n<\/li>\n<\/ul>\n\n\n\n<h2 class=\"wp-block-heading\">O\u00f9 ? <\/h2>\n\n\n\n<p>Les inscriptions ont lieu \u00e0 la piscine municipale Jean-Claude Eudeline du MEE-SUR-SEINE, durant les horaires d&rsquo;ouverture au public, \u00e0 l&rsquo;adresse suivante :<\/p>\n\n\n\n<p><a href=\"https:\/\/www.google.fr\/maps\/place\/Piscine+Municipale+de+M%C3%A9e-sur-Seine,+791+Av.+Maurice+Dauvergne,+77350+Le+M%C3%A9e-sur-Seine\/@48.5429275,2.6340842,18z\/\" target=\"_blank\" rel=\"noopener\">791 Avenue Maurice Dauvergne, 77350 Le M\u00e9e-sur-Seine<\/a><\/p>\n\n\n\n<p>L&rsquo;inscription sera finalis\u00e9e directement, sur pr\u00e9sentation du certificat et du r\u00e8glement, et si les cr\u00e9neaux ont encore des places disponibles. <\/p>\n\n\n\n<h2 class=\"wp-block-heading\">Informations compl\u00e9mentaires<\/h2>\n\n\n\n<p>Si vous vous inscrivez pour un trimestre, l&rsquo;avant-dernier cours du trimestre (la date exacte vous sera rappel\u00e9e), vous aurez la possibilit\u00e9 de vous r\u00e9inscrire  pour le trimestre suivant, et garder votre place dans le cr\u00e9neau. Il faudra alors fournir le paiement et la carte de l&rsquo;activit\u00e9 pour valider l&rsquo;inscription du trimestre suivant.<\/p>\n","protected":false},"excerpt":{"rendered":"<p>Quand ? Les inscriptions sont possibles toute l&rsquo;ann\u00e9e, selon les disponibilit\u00e9s des cr\u00e9neaux. Durant les vacances scolaires, merci de vous reporter sur les actualit\u00e9s. Avec quoi ? Pour l&rsquo;inscription, un certificat m\u00e9dical de moins de 3 mois est requis. Combien ? Pour le tarif, celui-ci d\u00e9pend de l&rsquo;activit\u00e9 : O\u00f9 ? Les inscriptions ont lieu [&hellip;]<\/p>\n","protected":false},"author":2,"featured_media":0,"parent":0,"menu_order":0,"comment_status":"closed","ping_status":"closed","template":"","meta":{"footnotes":""},"class_list":["post-71","page","type-page","status-publish","hentry"],"_links":{"self":[{"href":"https:\/\/www.ecole-meenne-natation.fr\/index.php\/wp-json\/wp\/v2\/pages\/71","targetHints":{"allow":["GET"]}}],"collection":[{"href":"https:\/\/www.ecole-meenne-natation.fr\/index.php\/wp-json\/wp\/v2\/pages"}],"about":[{"href":"https:\/\/www.ecole-meenne-natation.fr\/index.php\/wp-json\/wp\/v2\/types\/page"}],"author":[{"embeddable":true,"href":"https:\/\/www.ecole-meenne-natation.fr\/index.php\/wp-json\/wp\/v2\/users\/2"}],"replies":[{"embeddable":true,"href":"https:\/\/www.ecole-meenne-natation.fr\/index.php\/wp-json\/wp\/v2\/comments?post=71"}],"version-history":[{"count":3,"href":"https:\/\/www.ecole-meenne-natation.fr\/index.php\/wp-json\/wp\/v2\/pages\/71\/revisions"}],"predecessor-version":[{"id":98,"href":"https:\/\/www.ecole-meenne-natation.fr\/index.php\/wp-json\/wp\/v2\/pages\/71\/revisions\/98"}],"wp:attachment":[{"href":"https:\/\/www.ecole-meenne-natation.fr\/index.php\/wp-json\/wp\/v2\/media?parent=71"}],"curies":[{"name":"wp","href":"https:\/\/api.w.org\/{rel}","templated":true}]}}